{"id":85,"date":"2018-06-05T08:05:10","date_gmt":"2018-06-05T08:05:10","guid":{"rendered":"http:\/\/rechtsanwaeltinnen.net\/?page_id=85"},"modified":"2021-05-25T07:33:20","modified_gmt":"2021-05-25T07:33:20","slug":"datenschutzerklaerung","status":"publish","type":"page","link":"https:\/\/rechtsanwaeltinnen.net\/?page_id=85","title":{"rendered":"Datenschutzerkl\u00e4rung"},"content":{"rendered":"<p>Datenschutzerkl\u00e4rung Rechtsanw\u00e4ltin Bu\u00dfkamp<\/p>\n<p>I. Verantwortliche Stelle f\u00fcr die Datenerhebung, Datenverarbeitung und Datennutzung :<\/p>\n<p>Rechtsanw\u00e4ltin Hiltrud Bu\u00dfkamp, Startingweg 12, 46325 Borken, Tel. 02861\/605375, Fax: 02861\/902085, Email: buero@rechtsanwaeltinnen.net.<\/p>\n<p>Weitere Einzelheiten \u00fcber uns finden Sie in unserer Anbieterkennzeichnung (Impressum).<\/p>\n<p>II. Erhebung, Verarbeitung und Nutzung von personenbezogenen Daten:<\/p>\n<p>Wir erheben, verarbeiten und nutzen Ihre Daten nur im Rahmen der gesetzlichen Bestimmungen. Unsere Mitarbeiter sind zur Einhaltung berufsbezogener Geheimhaltungs- und Datenschutzbestimmungen und zur Verschwiegenheit verpflichtet.<\/p>\n<p>Bei dem Besuch einer Website erstellt und gehostet mittels des Angebots der Firma OMOC. interactiv In den Wulferten 14, 59514 Welver werden Informationen, die Ihr Browser sendet, gespeichert, folgende Informationen werden dabei ohne Ihr Zutun erfasst und bis zur automatischen L\u00f6schung gespeichert: \/\/IP-Adresse des angefragten Rechners\/\/Datum und Uhrzeit des Zugriffs\/\/Name und URL der abgerufenen Datei\/\/Website, von der aus der Zugriff erfolgt\/verwendeter Browser und ggf. das Betriebssystem Ihres Rechners, sowie der Name Ihres Access-Providers.<br \/>\nDie genannten Daten werden durch uns zu folgende Zwecken gew\u00e4hrleistet: Gew\u00e4hrleistung eines reibungslosen Verbindungsaufbaus der Website\/\/Gew\u00e4hrleistung einer komfortablen Nutzung unserer Website\/\/Auswertung der Systemsicherheit und Stabilit\u00e4t sowie zu weiteren administrativen Zwecken.<\/p>\n<p>Die Rechtsgrundlage f\u00fcr die Datenverarbeitung ist Artikel 6 Abs. 1, Satz 1 lit.f der DSGVO.<\/p>\n<p>Unser berechtigtes Interesse folgt aus oben aufgelisteten Zwecken zur Datenerhebung.<br \/>\nIn keinem Fall verwenden wir die erhobenen Daten zu dem Zweck, R\u00fcckschl\u00fcsse auf Ihre Person zu ziehen.<\/p>\n<p>Personenbezogene Daten werden dann erhoben, wenn dies f\u00fcr die Nutzung der auf der Website angebotenen Leistung erforderlich ist, insbesondere f\u00fcr Formularangebote, wie dem Kontaktformular.<\/p>\n<p>Wenn Sie uns per Kontaktformular oder per Email Anfragen zukommen lassen, werden Ihre dortigen Angaben aus dem Anfrageformular oder aus der Email inkl. der von Ihnen dort angegebenen Kontaktdaten zwecks Bearbeitung der Anfrage bei uns gespeichert.<\/p>\n<p>Wir werden die von Ihnen freiwillig zur Verf\u00fcgung gestellten Daten streng vertraulich behandeln. Freiwillig von Ihnen mitgeteilte personenbezogene Daten speichern und nutzen wir, soweit es also f\u00fcr die weitere Korrespondenz mit Ihnen erforderlich ist.<\/p>\n<p>Die f\u00fcr die Benutzung des Kontaktformulars von uns erhobenen personenbezogenen Daten werden nach Erledigung der von Ihnen gestellten Anfrage automatisch gel\u00f6scht.<\/p>\n<p>III. Weitergabe\/\u00dcbermittlung von Daten an Dritte:<\/p>\n<p>Ohne Ihre ausdr\u00fcckliche Einwilligung \u00fcbermitteln wir bzw. geben wir keinerlei personen- bezogene Daten weiter, es sei denn, dass wir rechtlich dazu verpflichtet sind oder soweit dies f\u00fcr die Erbringung vereinbarter Leistungen oder zur Durchsetzung von Anspr\u00fcchen zwingend erforderlich ist.<\/p>\n<p>Wir weisen darauf hin, dass es bei der \u00dcbermittlung von Daten im Internet immer dazu kommen kann, dass Dritte Ihre Daten zur Kenntnis nehmen oder verf\u00e4lschen. Bitte beachten Sie also, dass etwa unverschl\u00fcsselte Kontaktformulare oder Emails, die \u00fcber das Internet versendet werden, nicht hinreichend vor der unbefugten Kenntnisnahme durch Dritte gesch\u00fctzt sind.<\/p>\n<p>IV. Auskunft, Berichtigung, L\u00f6schung, Sperrung, Widerruf<\/p>\n<p>Sie haben das Recht, von uns jederzeit unentgeltlich Auskunft \u00fcber die zu Ihnen bei uns gespeicherten Daten zu verlangen.<\/p>\n<p>M\u00f6chten Sie Daten berichtigen, l\u00f6schen, sperren oder einsehen gen\u00fcgt hierzu eine Aufforderung gegen\u00fcber uns.<\/p>\n<p>Wenn Sie eine Einwilligung zur Verarbeitung oder Nutzung von Daten erteilt haben, k\u00f6nnen Sie diese jederzeit gegen\u00fcber uns frei widerrufen.<\/p>\n<p>Alle Anfragen, Aufforderungen und Mitteilungen richten Sie bitte an die oben unter I. benannte verantwortliche Stelle.<\/p>\n<p>&nbsp;<\/p>\n","protected":false},"excerpt":{"rendered":"<p>Datenschutzerkl\u00e4rung Rechtsanw\u00e4ltin Bu\u00dfkamp I. Verantwortliche Stelle f\u00fcr die Datenerhebung, Datenverarbeitung und Datennutzung : Rechtsanw\u00e4ltin Hiltrud Bu\u00dfkamp, Startingweg 12, 46325 Borken, Tel. 02861\/605375, Fax: 02861\/902085, Email: buero@rechtsanwaeltinnen.net. Weitere Einzelheiten \u00fcber uns finden Sie in unserer Anbieterkennzeichnung (Impressum). II. Erhebung, Verarbeitung und Nutzung von personenbezogenen Daten: Wir erheben, verarbeiten und nutzen Ihre Daten nur im Rahmen der [&hellip;]<\/p>\n","protected":false},"author":3,"featured_media":0,"parent":0,"menu_order":10,"comment_status":"closed","ping_status":"closed","template":"","meta":{"footnotes":""},"class_list":["post-85","page","type-page","status-publish","hentry"],"_links":{"self":[{"href":"https:\/\/rechtsanwaeltinnen.net\/index.php?rest_route=\/wp\/v2\/pages\/85","targetHints":{"allow":["GET"]}}],"collection":[{"href":"https:\/\/rechtsanwaeltinnen.net\/index.php?rest_route=\/wp\/v2\/pages"}],"about":[{"href":"https:\/\/rechtsanwaeltinnen.net\/index.php?rest_route=\/wp\/v2\/types\/page"}],"author":[{"embeddable":true,"href":"https:\/\/rechtsanwaeltinnen.net\/index.php?rest_route=\/wp\/v2\/users\/3"}],"replies":[{"embeddable":true,"href":"https:\/\/rechtsanwaeltinnen.net\/index.php?rest_route=%2Fwp%2Fv2%2Fcomments&post=85"}],"version-history":[{"count":5,"href":"https:\/\/rechtsanwaeltinnen.net\/index.php?rest_route=\/wp\/v2\/pages\/85\/revisions"}],"predecessor-version":[{"id":108,"href":"https:\/\/rechtsanwaeltinnen.net\/index.php?rest_route=\/wp\/v2\/pages\/85\/revisions\/108"}],"wp:attachment":[{"href":"https:\/\/rechtsanwaeltinnen.net\/index.php?rest_route=%2Fwp%2Fv2%2Fmedia&parent=85"}],"curies":[{"name":"wp","href":"https:\/\/api.w.org\/{rel}","templated":true}]}}