{"id":8,"date":"2010-03-15T08:33:11","date_gmt":"2010-03-15T08:33:11","guid":{"rendered":"http:\/\/rechtsanwaeltinnen.net\/?page_id=8"},"modified":"2018-06-06T10:26:14","modified_gmt":"2018-06-06T10:26:14","slug":"rechtanswaltin-buskamp","status":"publish","type":"page","link":"https:\/\/rechtsanwaeltinnen.net\/?page_id=8","title":{"rendered":"Rechtsanw\u00e4ltin Bu\u00dfkamp"},"content":{"rendered":"<p><strong>Rechtsanw\u00e4ltin Hiltrud Bu\u00dfkamp<\/strong><\/p>\n<p><strong>Fachanw\u00e4ltin f\u00fcr Arbeitsrecht<br \/>\nFachanw\u00e4ltin f\u00fcr Miet- und Wohnungseigentumsrecht <\/strong><\/p>\n<p><span style=\"text-decoration: underline;\">Lebenslauf <\/span><br \/>\nGeburtsjahr 1963<br \/>\nverheiratet, zwei Kinder<br \/>\n1983 &#8211; 1990 Studium der Rechtswissenschaften an der Westf\u00e4lischen-Wilhelms-Universit\u00e4t M\u00fcnster<br \/>\n1991 &#8211; 1993 Referendariat am Landgericht Dortmund und Landgericht M\u00fcnster<br \/>\nseit 1993 Rechtsanw\u00e4ltin<br \/>\n<em><\/em>ehemalige Dozentin f\u00fcr die Rechtsanwaltskammer Hamm, die \u00c4rztekammer M\u00fcnster und die Kreishandwerkerschaft Gelsenkirchen<\/p>\n<p>1998 &#8211; 1999 Auslandsaufenthalt in Austin\/ Texas<br \/>\n2005 Fachanw\u00e4ltin f\u00fcr Miet- und Wohnungseigentumsrecht<br \/>\n2007 Fachanw\u00e4ltin f\u00fcr Arbeitsrecht<\/p>\n","protected":false},"excerpt":{"rendered":"<p>Rechtsanw\u00e4ltin Hiltrud Bu\u00dfkamp Fachanw\u00e4ltin f\u00fcr Arbeitsrecht Fachanw\u00e4ltin f\u00fcr Miet- und Wohnungseigentumsrecht Lebenslauf Geburtsjahr 1963 verheiratet, zwei Kinder 1983 &#8211; 1990 Studium der Rechtswissenschaften an der Westf\u00e4lischen-Wilhelms-Universit\u00e4t M\u00fcnster 1991 &#8211; 1993 Referendariat am Landgericht Dortmund und Landgericht M\u00fcnster seit 1993 Rechtsanw\u00e4ltin ehemalige Dozentin f\u00fcr die Rechtsanwaltskammer Hamm, die \u00c4rztekammer M\u00fcnster und die Kreishandwerkerschaft Gelsenkirchen 1998 &#8211; [&hellip;]<\/p>\n","protected":false},"author":3,"featured_media":0,"parent":0,"menu_order":1,"comment_status":"closed","ping_status":"closed","template":"","meta":{"footnotes":""},"class_list":["post-8","page","type-page","status-publish","hentry"],"_links":{"self":[{"href":"https:\/\/rechtsanwaeltinnen.net\/index.php?rest_route=\/wp\/v2\/pages\/8","targetHints":{"allow":["GET"]}}],"collection":[{"href":"https:\/\/rechtsanwaeltinnen.net\/index.php?rest_route=\/wp\/v2\/pages"}],"about":[{"href":"https:\/\/rechtsanwaeltinnen.net\/index.php?rest_route=\/wp\/v2\/types\/page"}],"author":[{"embeddable":true,"href":"https:\/\/rechtsanwaeltinnen.net\/index.php?rest_route=\/wp\/v2\/users\/3"}],"replies":[{"embeddable":true,"href":"https:\/\/rechtsanwaeltinnen.net\/index.php?rest_route=%2Fwp%2Fv2%2Fcomments&post=8"}],"version-history":[{"count":11,"href":"https:\/\/rechtsanwaeltinnen.net\/index.php?rest_route=\/wp\/v2\/pages\/8\/revisions"}],"predecessor-version":[{"id":24,"href":"https:\/\/rechtsanwaeltinnen.net\/index.php?rest_route=\/wp\/v2\/pages\/8\/revisions\/24"}],"wp:attachment":[{"href":"https:\/\/rechtsanwaeltinnen.net\/index.php?rest_route=%2Fwp%2Fv2%2Fmedia&parent=8"}],"curies":[{"name":"wp","href":"https:\/\/api.w.org\/{rel}","templated":true}]}}