{"id":43,"date":"2010-04-18T19:51:21","date_gmt":"2010-04-18T19:51:21","guid":{"rendered":"http:\/\/rechtsanwaeltinnen.net\/?page_id=43"},"modified":"2018-06-06T10:22:55","modified_gmt":"2018-06-06T10:22:55","slug":"prozesskostenhilfe","status":"publish","type":"page","link":"https:\/\/rechtsanwaeltinnen.net\/?page_id=43","title":{"rendered":"Prozesskostenhilfe"},"content":{"rendered":"<p><span style=\"text-decoration: underline;\"><strong>Wann erhalte ich Prozesskostenhilfe?<\/strong><\/span><\/p>\n<p>Nach \u00a7 114 ZPO erh\u00e4lt eine Partei, die nach ihren pers\u00f6nlichen     und wirtschaftlichen Verh\u00e4ltnissen die Kosten der Prozessf\u00fchrung     nicht oder nicht vollst\u00e4ndig aufbringen kann, auf Antrag  Prozesskostenhilfe,     wenn die beabsichtigte Rechtsverfolgung hinreichende Aussicht auf  Erfolg   bietet und nicht mutwillig erscheint.<\/p>\n<ul>\n<li><a href=\"http:\/\/www.callnrw.de\/broschuerenservice\/download\/16\/Prozesskostenhilfe.pdf\" target=\"_blank\">Beratungs-         und Prozesskostenhilfe<\/a> (pdf)<br \/>\nWo und wie erh\u00e4lt man diese Hilfen?<br \/>\nDas erfahren Sie in einem Infoblatt des Justizministeriums NRW.<\/li>\n<li><a href=\"http:\/\/www.justiz.nrw.de\/BS\/formulare\/prozesskostenhilfe\/erkl_zp1a.pdf\" target=\"_blank\">Hinweisblatt       zum Vordruck f\u00fcr die Erkl\u00e4rung      \u00fcber die pers\u00f6nlichen       und wirtschaftlichen      Verh\u00e4ltnisse bei Prozesskostenhilfe<\/a> (pdf)<\/li>\n<\/ul>\n","protected":false},"excerpt":{"rendered":"<p>Wann erhalte ich Prozesskostenhilfe? Nach \u00a7 114 ZPO erh\u00e4lt eine Partei, die nach ihren pers\u00f6nlichen und wirtschaftlichen Verh\u00e4ltnissen die Kosten der Prozessf\u00fchrung nicht oder nicht vollst\u00e4ndig aufbringen kann, auf Antrag Prozesskostenhilfe, wenn die beabsichtigte Rechtsverfolgung hinreichende Aussicht auf Erfolg bietet und nicht mutwillig erscheint. Beratungs- und Prozesskostenhilfe (pdf) Wo und wie erh\u00e4lt man diese Hilfen? [&hellip;]<\/p>\n","protected":false},"author":3,"featured_media":0,"parent":37,"menu_order":2,"comment_status":"closed","ping_status":"closed","template":"","meta":{"footnotes":""},"class_list":["post-43","page","type-page","status-publish","hentry"],"_links":{"self":[{"href":"https:\/\/rechtsanwaeltinnen.net\/index.php?rest_route=\/wp\/v2\/pages\/43","targetHints":{"allow":["GET"]}}],"collection":[{"href":"https:\/\/rechtsanwaeltinnen.net\/index.php?rest_route=\/wp\/v2\/pages"}],"about":[{"href":"https:\/\/rechtsanwaeltinnen.net\/index.php?rest_route=\/wp\/v2\/types\/page"}],"author":[{"embeddable":true,"href":"https:\/\/rechtsanwaeltinnen.net\/index.php?rest_route=\/wp\/v2\/users\/3"}],"replies":[{"embeddable":true,"href":"https:\/\/rechtsanwaeltinnen.net\/index.php?rest_route=%2Fwp%2Fv2%2Fcomments&post=43"}],"version-history":[{"count":2,"href":"https:\/\/rechtsanwaeltinnen.net\/index.php?rest_route=\/wp\/v2\/pages\/43\/revisions"}],"predecessor-version":[{"id":45,"href":"https:\/\/rechtsanwaeltinnen.net\/index.php?rest_route=\/wp\/v2\/pages\/43\/revisions\/45"}],"up":[{"embeddable":true,"href":"https:\/\/rechtsanwaeltinnen.net\/index.php?rest_route=\/wp\/v2\/pages\/37"}],"wp:attachment":[{"href":"https:\/\/rechtsanwaeltinnen.net\/index.php?rest_route=%2Fwp%2Fv2%2Fmedia&parent=43"}],"curies":[{"name":"wp","href":"https:\/\/api.w.org\/{rel}","templated":true}]}}