{"id":4,"date":"2010-03-12T23:59:15","date_gmt":"2010-03-12T23:59:15","guid":{"rendered":"http:\/\/rechtsanwaeltinnen.net\/?page_id=4"},"modified":"2021-05-25T07:32:50","modified_gmt":"2021-05-25T07:32:50","slug":"seite-2","status":"publish","type":"page","link":"https:\/\/rechtsanwaeltinnen.net\/?page_id=4","title":{"rendered":"Impressum"},"content":{"rendered":"<p><strong>Rechtsanw\u00e4ltin Bu\u00dfkamp<br \/>\n<\/strong><\/p>\n<p>Startingweg 12<br \/>\n46325 Borken<\/p>\n<p>Tel: 02861 &#8211; 60 53 75<br \/>\nFax: 02861 &#8211; 90 20 85<\/p>\n<p>E-Mail: <a href=\"mailto:busskamp@rechtsanwaeltinnen.net\">busskamp@rechtsanwaeltinnen.net<\/a><\/p>\n<p>Zust\u00e4ndige Aufsichtsbeh\u00f6rde: Rechtsanwaltskammer Hamm, K\u00f6rperschaft des \u00f6ffentlichen Rechts, Ostenallee 18, 59063 Hamm, Telefon-Nr.: 02381-985000.<\/p>\n<p>Umsatzsteueridentifikationsnummer (\u00a727a UStG):<\/p>\n<p>-Rechtsanw\u00e4ltin Bu\u00dfkamp: 307\/5025\/0423<\/p>\n<p>Berufshaftpflichtversicherung:<\/p>\n<p>-Rechtsanw\u00e4ltin Bu\u00dfkamp: AfB GmbH, Kaistr. 13, 40221 D\u00fcsseldorf, Vers.-Nr. 022528<\/p>\n<p>R\u00e4umlicher Geltungsbereich: im gesamten EU- Gebiet und den Staaten des Abkommens \u00fcber den europ\u00e4ischen Wirtschaftsraum<\/p>\n","protected":false},"excerpt":{"rendered":"<p>Rechtsanw\u00e4ltin Bu\u00dfkamp Startingweg 12 46325 Borken Tel: 02861 &#8211; 60 53 75 Fax: 02861 &#8211; 90 20 85 E-Mail: busskamp@rechtsanwaeltinnen.net Zust\u00e4ndige Aufsichtsbeh\u00f6rde: Rechtsanwaltskammer Hamm, K\u00f6rperschaft des \u00f6ffentlichen Rechts, Ostenallee 18, 59063 Hamm, Telefon-Nr.: 02381-985000. Umsatzsteueridentifikationsnummer (\u00a727a UStG): -Rechtsanw\u00e4ltin Bu\u00dfkamp: 307\/5025\/0423 Berufshaftpflichtversicherung: -Rechtsanw\u00e4ltin Bu\u00dfkamp: AfB GmbH, Kaistr. 13, 40221 D\u00fcsseldorf, Vers.-Nr. 022528 R\u00e4umlicher Geltungsbereich: im gesamten [&hellip;]<\/p>\n","protected":false},"author":3,"featured_media":0,"parent":0,"menu_order":7,"comment_status":"closed","ping_status":"closed","template":"","meta":{"footnotes":""},"class_list":["post-4","page","type-page","status-publish","hentry"],"_links":{"self":[{"href":"https:\/\/rechtsanwaeltinnen.net\/index.php?rest_route=\/wp\/v2\/pages\/4","targetHints":{"allow":["GET"]}}],"collection":[{"href":"https:\/\/rechtsanwaeltinnen.net\/index.php?rest_route=\/wp\/v2\/pages"}],"about":[{"href":"https:\/\/rechtsanwaeltinnen.net\/index.php?rest_route=\/wp\/v2\/types\/page"}],"author":[{"embeddable":true,"href":"https:\/\/rechtsanwaeltinnen.net\/index.php?rest_route=\/wp\/v2\/users\/3"}],"replies":[{"embeddable":true,"href":"https:\/\/rechtsanwaeltinnen.net\/index.php?rest_route=%2Fwp%2Fv2%2Fcomments&post=4"}],"version-history":[{"count":17,"href":"https:\/\/rechtsanwaeltinnen.net\/index.php?rest_route=\/wp\/v2\/pages\/4\/revisions"}],"predecessor-version":[{"id":107,"href":"https:\/\/rechtsanwaeltinnen.net\/index.php?rest_route=\/wp\/v2\/pages\/4\/revisions\/107"}],"wp:attachment":[{"href":"https:\/\/rechtsanwaeltinnen.net\/index.php?rest_route=%2Fwp%2Fv2%2Fmedia&parent=4"}],"curies":[{"name":"wp","href":"https:\/\/api.w.org\/{rel}","templated":true}]}}