{"id":39,"date":"2010-04-18T19:49:50","date_gmt":"2010-04-18T19:49:50","guid":{"rendered":"http:\/\/rechtsanwaeltinnen.net\/?page_id=39"},"modified":"2018-06-06T10:23:00","modified_gmt":"2018-06-06T10:23:00","slug":"beratungshilfe","status":"publish","type":"page","link":"https:\/\/rechtsanwaeltinnen.net\/?page_id=39","title":{"rendered":"Beratungshilfe"},"content":{"rendered":"<p><span style=\"text-decoration: underline;\"><strong>Wann erhalte ich Beratungshilfe?<\/strong><\/span><\/p>\n<p>Nach \u00a7 1 des Beratungshilfegesetzes wird auf Antrag vom  zust\u00e4ndigen   Amtsgericht ein Beratungshilfeschein erteilt, wenn insbesondere die  erforderlichen   Mittel aufgrund der pers\u00f6nlichen und wirtschaftlichen Mittel nicht  aufgebracht   werden k\u00f6nnen.<\/p>\n<ul>\n<li><a href=\"http:\/\/www.callnrw.de\/broschuerenservice\/download\/16\/Prozesskostenhilfe.pdf\" target=\"_blank\">Beratungs-         und Prozesskostenhilfe<\/a> (pdf)<br \/>\nWo und wie erh\u00e4lt man diese Hilfen?<br \/>\nDas erfahren Sie in     einem Infoblatt des Justizministeriums NRW.<\/li>\n<li><a href=\"http:\/\/www.justiz.nrw.de\/BS\/formulare\/beratungshilfe\/AG_I_1.pdf\" target=\"_blank\">Vordruck         f\u00fcr den Antrag auf Beratungshilfe<\/a> (pdf)<\/li>\n<\/ul>\n","protected":false},"excerpt":{"rendered":"<p>Wann erhalte ich Beratungshilfe? Nach \u00a7 1 des Beratungshilfegesetzes wird auf Antrag vom zust\u00e4ndigen Amtsgericht ein Beratungshilfeschein erteilt, wenn insbesondere die erforderlichen Mittel aufgrund der pers\u00f6nlichen und wirtschaftlichen Mittel nicht aufgebracht werden k\u00f6nnen. Beratungs- und Prozesskostenhilfe (pdf) Wo und wie erh\u00e4lt man diese Hilfen? Das erfahren Sie in einem Infoblatt des Justizministeriums NRW. Vordruck f\u00fcr [&hellip;]<\/p>\n","protected":false},"author":3,"featured_media":0,"parent":37,"menu_order":1,"comment_status":"closed","ping_status":"closed","template":"","meta":{"footnotes":""},"class_list":["post-39","page","type-page","status-publish","hentry"],"_links":{"self":[{"href":"https:\/\/rechtsanwaeltinnen.net\/index.php?rest_route=\/wp\/v2\/pages\/39","targetHints":{"allow":["GET"]}}],"collection":[{"href":"https:\/\/rechtsanwaeltinnen.net\/index.php?rest_route=\/wp\/v2\/pages"}],"about":[{"href":"https:\/\/rechtsanwaeltinnen.net\/index.php?rest_route=\/wp\/v2\/types\/page"}],"author":[{"embeddable":true,"href":"https:\/\/rechtsanwaeltinnen.net\/index.php?rest_route=\/wp\/v2\/users\/3"}],"replies":[{"embeddable":true,"href":"https:\/\/rechtsanwaeltinnen.net\/index.php?rest_route=%2Fwp%2Fv2%2Fcomments&post=39"}],"version-history":[{"count":2,"href":"https:\/\/rechtsanwaeltinnen.net\/index.php?rest_route=\/wp\/v2\/pages\/39\/revisions"}],"predecessor-version":[{"id":41,"href":"https:\/\/rechtsanwaeltinnen.net\/index.php?rest_route=\/wp\/v2\/pages\/39\/revisions\/41"}],"up":[{"embeddable":true,"href":"https:\/\/rechtsanwaeltinnen.net\/index.php?rest_route=\/wp\/v2\/pages\/37"}],"wp:attachment":[{"href":"https:\/\/rechtsanwaeltinnen.net\/index.php?rest_route=%2Fwp%2Fv2%2Fmedia&parent=39"}],"curies":[{"name":"wp","href":"https:\/\/api.w.org\/{rel}","templated":true}]}}